{"id":41,"date":"2018-02-12T10:27:17","date_gmt":"2018-02-12T09:27:17","guid":{"rendered":"http:\/\/www.ferwash.it\/?page_id=41"},"modified":"2020-07-01T15:49:26","modified_gmt":"2020-07-01T13:49:26","slug":"chi-siamo","status":"publish","type":"page","link":"https:\/\/www.ferwash.it\/fr\/chi-siamo\/","title":{"rendered":"A propos de Ferwash"},"content":{"rendered":"\n<p>Fond\u00e9e  par  <strong>Domenico Marinuzzi et Rosanna Ferri, dans la banlieue de Milan, il y a plus de 30 ans, Ferwash a toujours \u00e9t\u00e9 sp\u00e9cialis\u00e9e dans les installations de lavage en gardant  tout au long de son historie son essence d\u2019entreprise de famille par le biais du contact direct avec tous ses clients<\/strong>.<\/p>\n\n\n\n<p>Aujourd\u2019hui, Ferwash compte plus de 500 installations de lavage en Italie et \u00e0 l\u2019International.<\/p>\n\n\n\n<p>Dans un march\u00e9 fortement concurrentiel et tr\u00e8s exigeant, le travail continu de recherche, de d\u00e9veloppement, de cr\u00e9ation de prototypes, d\u2019 \u00e9tude de nouvelles technologies et la manufacture \u00abmade in Italy\u00bb ont permis \u00e0 Ferwash de continuer \u00e0 pr\u00e9senter au march\u00e9, des produits performants et de haute qualit\u00e9.<\/p>\n\n\n\n<p>Dans les ann\u00e9es Ferwash a con\u00e7u une vaste gamme de produits, plusieurs d\u2019entre eux  ont aussi \u00e9t\u00e9 brevet\u00e9s et pour \u00eatre toujours \u00e0 l\u2019avance, a lanc\u00e9 plusieurs collaborations avec les \u00e9tudiants ing\u00e9nieurs  du Politecnico di Milano et du Instituto Europeo di design.<\/p>\n\n\n\n<p>Aujourd\u2019hui Rosanna et Domenico sont aid\u00e9s dans la gestion et le d\u00e9veloppement de leur entreprise par l \u2018ing\u00e9nieur Alberto Cova et par les deux filles, Emanuela et Alessandra ; en plus, afin de faire face aux nouvelles exigences du march\u00e9, Ferwash a r\u00e9organis\u00e9 les fonctions internes par \u00e9quipes sp\u00e9cialis\u00e9es<\/p>\n\n\n\n<ul class=\"wp-block-list\"><li>Nouvelles technologies &#038; Logistique (produits chimiques et pi\u00e8ces de rechange)<\/li><li>Recherche  &#038; D\u00e9veloppement  (nouvelles technologies et nouveaux projets )<\/li><li>Marketing &#038; Ventes Italie et International<\/li><\/ul>\n\n\n\n<p>Ferwash a aussi renforc\u00e9 sa structure \u00e0 travers des collaborations externes dans le domaine du traitement et la d\u00e9puration des eaux.<\/p>\n\n\n\n<p><strong>&#8220;Nos principes de suivent pas la logique de notre convenance mais celle de la coh\u00e9rence; accompagner nos clients de fa\u00e7on proactive et participative pour faire ressortir tout le potentiel de l\u2019installation en d\u00e9veloppant ensemble des projets, simples ou complexes, mais toujours capables de performances excellentes.&#8221;<\/strong><\/p>\n","protected":false},"excerpt":{"rendered":"<p>Fond\u00e9e par Domenico Marinuzzi et Rosanna Ferri, dans la banlieue de Milan, il y a plus de 30 ans, Ferwash a toujours \u00e9t\u00e9 sp\u00e9cialis\u00e9e dans les installations de lavage en gardant tout au long de son historie son essence d\u2019entreprise de famille par le biais du contact direct avec tous ses clients. Aujourd\u2019hui, Ferwash compte [&hellip;]<\/p>\n","protected":false},"author":1,"featured_media":0,"parent":0,"menu_order":0,"comment_status":"closed","ping_status":"closed","template":"","meta":{"_monsterinsights_skip_tracking":false,"_monsterinsights_sitenote_active":false,"_monsterinsights_sitenote_note":"","_monsterinsights_sitenote_category":0,"footnotes":""},"class_list":["post-41","page","type-page","status-publish","hentry"],"translation":{"provider":"WPGlobus","version":"3.0.2","language":"fr","enabled_languages":["it","en","es","cz","fr"],"languages":{"it":{"title":true,"content":true,"excerpt":false},"en":{"title":true,"content":true,"excerpt":false},"es":{"title":true,"content":true,"excerpt":false},"cz":{"title":true,"content":true,"excerpt":false},"fr":{"title":true,"content":true,"excerpt":false}}},"aioseo_notices":[],"_links":{"self":[{"href":"https:\/\/www.ferwash.it\/fr\/wp-json\/wp\/v2\/pages\/41","targetHints":{"allow":["GET"]}}],"collection":[{"href":"https:\/\/www.ferwash.it\/fr\/wp-json\/wp\/v2\/pages"}],"about":[{"href":"https:\/\/www.ferwash.it\/fr\/wp-json\/wp\/v2\/types\/page"}],"author":[{"embeddable":true,"href":"https:\/\/www.ferwash.it\/fr\/wp-json\/wp\/v2\/users\/1"}],"replies":[{"embeddable":true,"href":"https:\/\/www.ferwash.it\/fr\/wp-json\/wp\/v2\/comments?post=41"}],"version-history":[{"count":48,"href":"https:\/\/www.ferwash.it\/fr\/wp-json\/wp\/v2\/pages\/41\/revisions"}],"predecessor-version":[{"id":1672,"href":"https:\/\/www.ferwash.it\/fr\/wp-json\/wp\/v2\/pages\/41\/revisions\/1672"}],"wp:attachment":[{"href":"https:\/\/www.ferwash.it\/fr\/wp-json\/wp\/v2\/media?parent=41"}],"curies":[{"name":"wp","href":"https:\/\/api.w.org\/{rel}","templated":true}]}}