{"id":138,"date":"2018-02-28T15:08:35","date_gmt":"2018-02-28T14:08:35","guid":{"rendered":"http:\/\/www.ferwash.it\/?page_id=138"},"modified":"2020-07-01T16:46:44","modified_gmt":"2020-07-01T14:46:44","slug":"servizi","status":"publish","type":"page","link":"https:\/\/www.ferwash.it\/fr\/servizi\/","title":{"rendered":"Service"},"content":{"rendered":"\n<p><strong>SUIVI DES PROJETS ET DES CHANTIERS<\/strong><br>Ferwash met \u00e0 disposition des clients son professionnalisme pour vous accompagner tout au long de la r\u00e9alisation de votre projet.<\/p>\n\n\n\n<ul class=\"wp-block-list\"><li>Etude du potentiel (analyse site, concurrence, communication, etc.)<\/li><li>Cr\u00e9ation de votre business plan (analyse des couts et de la rentabilit\u00e9)<\/li><li>D\u00e9veloppement du plan Marketing et Commercial (analyse concurrence, besoins locaux, etc.)<\/li><li>Projet du site <\/li><li>Service technique<\/li><li>Formation de vos \u00e9quipes techniques et commerciales <\/li><li>Traitement des eaux   <\/li><\/ul>\n\n\n\n<p><strong>RESTYLING  DES INSTALLATION EXISTANTES <\/strong><br>FERWASH peut r\u00e9aliser un restylage complet de votre installation en conjuguant l\u2019aspect technique et \u00e9conomique avec l\u2019esth\u00e9tique et la sauvegarde de l\u2019environnement. Un restylage bien \u00e9tudi\u00e9 et fait avec la bonne expertise peut porter \u00e0 des importantes r\u00e9ductions de couts avec le cons\u00e9quent impact positif sur la rentabilit\u00e9 de l\u2019installation ainsi que un  nouveau appeal pour les clients.<\/p>\n\n\n\n<p><strong>OUTILS  DE GESTION PERSONNALISES<\/strong><br>FERWASH peut vous fournir des outils  de gestion personnalis\u00e9s:<\/p>\n\n\n\n<ul class=\"wp-block-list\"><li>Contr\u00f4le des CA (pour contr\u00f4ler les CA journaliers de chaque installation) <\/li><li>Gestion d\u2019ensemble de l\u2019installation (fonctionnement, les niveaux de remplissage, les programme de lavage, les prix et les horaires d&#8217;ouverture, etc.)<\/li><\/ul>\n","protected":false},"excerpt":{"rendered":"<p>SUIVI DES PROJETS ET DES CHANTIERSFerwash met \u00e0 disposition des clients son professionnalisme pour vous accompagner tout au long de la r\u00e9alisation de votre projet. Etude du potentiel (analyse site, concurrence, communication, etc.) Cr\u00e9ation de votre business plan (analyse des couts et de la rentabilit\u00e9) D\u00e9veloppement du plan Marketing et Commercial (analyse concurrence, besoins locaux, [&hellip;]<\/p>\n","protected":false},"author":1,"featured_media":0,"parent":0,"menu_order":0,"comment_status":"closed","ping_status":"closed","template":"","meta":{"_monsterinsights_skip_tracking":false,"_monsterinsights_sitenote_active":false,"_monsterinsights_sitenote_note":"","_monsterinsights_sitenote_category":0,"footnotes":""},"class_list":["post-138","page","type-page","status-publish","hentry"],"translation":{"provider":"WPGlobus","version":"3.0.2","language":"fr","enabled_languages":["it","en","es","cz","fr"],"languages":{"it":{"title":true,"content":true,"excerpt":false},"en":{"title":true,"content":true,"excerpt":false},"es":{"title":true,"content":true,"excerpt":false},"cz":{"title":true,"content":true,"excerpt":false},"fr":{"title":true,"content":true,"excerpt":false}}},"aioseo_notices":[],"_links":{"self":[{"href":"https:\/\/www.ferwash.it\/fr\/wp-json\/wp\/v2\/pages\/138","targetHints":{"allow":["GET"]}}],"collection":[{"href":"https:\/\/www.ferwash.it\/fr\/wp-json\/wp\/v2\/pages"}],"about":[{"href":"https:\/\/www.ferwash.it\/fr\/wp-json\/wp\/v2\/types\/page"}],"author":[{"embeddable":true,"href":"https:\/\/www.ferwash.it\/fr\/wp-json\/wp\/v2\/users\/1"}],"replies":[{"embeddable":true,"href":"https:\/\/www.ferwash.it\/fr\/wp-json\/wp\/v2\/comments?post=138"}],"version-history":[{"count":22,"href":"https:\/\/www.ferwash.it\/fr\/wp-json\/wp\/v2\/pages\/138\/revisions"}],"predecessor-version":[{"id":1706,"href":"https:\/\/www.ferwash.it\/fr\/wp-json\/wp\/v2\/pages\/138\/revisions\/1706"}],"wp:attachment":[{"href":"https:\/\/www.ferwash.it\/fr\/wp-json\/wp\/v2\/media?parent=138"}],"curies":[{"name":"wp","href":"https:\/\/api.w.org\/{rel}","templated":true}]}}