{"id":41,"date":"2018-02-12T10:27:17","date_gmt":"2018-02-12T09:27:17","guid":{"rendered":"http:\/\/www.ferwash.it\/?page_id=41"},"modified":"2020-07-01T15:49:26","modified_gmt":"2020-07-01T13:49:26","slug":"chi-siamo","status":"publish","type":"page","link":"https:\/\/www.ferwash.it\/es\/chi-siamo\/","title":{"rendered":"Quienes Somos"},"content":{"rendered":"\n<p>Fundada por <strong>Domenico Marinuzzi<\/strong> y <strong>Rosanna Ferri<\/strong> en los suburbios de Mil\u00e1n hace m\u00e1s de 30 a\u00f1os, Ferwash siempre ha operado en el mercado de lavado de autos, protegiendo su esencia de empresa familiar a trav\u00e9s del contacto personal y directo con todos sus clientes.<\/p>\n\n\n\n<p><br>Hasta la fecha, Ferwash tiene m\u00e1s de quinientos instalaciones de lavado de autos distribuidas en Italia y en varios pa\u00edses extranjeros.<\/p>\n\n\n\n<p><br>En un mercado altamente competitivo, la investigaci\u00f3n ininterrumpida, el desarrollo, la creaci\u00f3n de prototipos, la ingenier\u00eda de nuevas tecnolog\u00edas y la producci\u00f3n &#8220;Made in Italy&#8221; han permitido a Ferwash continuar presentando productos de rendimiento de alta calidad en un mercado cada vez m\u00e1s exigente.<\/p>\n\n\n\n<p><br>A lo largo de los a\u00f1os, Ferwash ha dise\u00f1ado una amplia gama de productos, muchos de los cuales han sido patentados y, para mantenerlos actualizados, ha lanzado varias colaboraciones con los estudiantes del Polit\u00e9cnico di Milano y el Instituto Europeo de Dise\u00f1o.<\/p>\n\n\n\n<p><br>En la actualidad, Rosanna y Domenico est\u00e1n respaldados por la administraci\u00f3n y el desarrollo de la compa\u00f1\u00eda por parte de Ing. Alberto Cova y sus dos hijas, Emanuela y Alessandra y para hacer frente a las nuevas demandas del mercado, se estructuran con una nueva organizaci\u00f3n de equipos especializados:<\/p>\n\n\n\n<ul class=\"wp-block-list\"><li>Nuevas tecnolog\u00edas y log\u00edstica (productos qu\u00edmicos y repuestos)<\/li><li>Investigaci\u00f3n y Desarrollo (nuevas tecnolog\u00edas y nuevos proyectos)<\/li><li>Marketing y Ventas Italia y en el extranjero<\/li><\/ul>\n\n\n\n<p>Ferwash tambi\u00e9n ha aumentado su estructura a trav\u00e9s de colaboraciones con nuevos partners externos especializados en el tratamiento y purificaci\u00f3n del agua.<\/p>\n\n\n\n<p><strong>&#8220;Nuestros principios no siguen la l\u00f3gica de la conveniencia, sino de la coherencia, la de permanecer al lado de los clientes de manera proactiva y participativa, para sacar el m\u00e1ximo provecho del auto lavado al desarrollar juntos proyectos simples o complejos que siempre son capaces de un excelente desempe\u00f1o.&#8221;<\/strong><\/p>\n","protected":false},"excerpt":{"rendered":"<p>Fundada por Domenico Marinuzzi y Rosanna Ferri en los suburbios de Mil\u00e1n hace m\u00e1s de 30 a\u00f1os, Ferwash siempre ha operado en el mercado de lavado de autos, protegiendo su esencia de empresa familiar a trav\u00e9s del contacto personal y directo con todos sus clientes. Hasta la fecha, Ferwash tiene m\u00e1s de quinientos instalaciones de [&hellip;]<\/p>\n","protected":false},"author":1,"featured_media":0,"parent":0,"menu_order":0,"comment_status":"closed","ping_status":"closed","template":"","meta":{"_monsterinsights_skip_tracking":false,"_monsterinsights_sitenote_active":false,"_monsterinsights_sitenote_note":"","_monsterinsights_sitenote_category":0,"footnotes":""},"class_list":["post-41","page","type-page","status-publish","hentry"],"translation":{"provider":"WPGlobus","version":"3.0.2","language":"es","enabled_languages":["it","en","es","cz","fr"],"languages":{"it":{"title":true,"content":true,"excerpt":false},"en":{"title":true,"content":true,"excerpt":false},"es":{"title":true,"content":true,"excerpt":false},"cz":{"title":true,"content":true,"excerpt":false},"fr":{"title":true,"content":true,"excerpt":false}}},"aioseo_notices":[],"_links":{"self":[{"href":"https:\/\/www.ferwash.it\/es\/wp-json\/wp\/v2\/pages\/41","targetHints":{"allow":["GET"]}}],"collection":[{"href":"https:\/\/www.ferwash.it\/es\/wp-json\/wp\/v2\/pages"}],"about":[{"href":"https:\/\/www.ferwash.it\/es\/wp-json\/wp\/v2\/types\/page"}],"author":[{"embeddable":true,"href":"https:\/\/www.ferwash.it\/es\/wp-json\/wp\/v2\/users\/1"}],"replies":[{"embeddable":true,"href":"https:\/\/www.ferwash.it\/es\/wp-json\/wp\/v2\/comments?post=41"}],"version-history":[{"count":48,"href":"https:\/\/www.ferwash.it\/es\/wp-json\/wp\/v2\/pages\/41\/revisions"}],"predecessor-version":[{"id":1672,"href":"https:\/\/www.ferwash.it\/es\/wp-json\/wp\/v2\/pages\/41\/revisions\/1672"}],"wp:attachment":[{"href":"https:\/\/www.ferwash.it\/es\/wp-json\/wp\/v2\/media?parent=41"}],"curies":[{"name":"wp","href":"https:\/\/api.w.org\/{rel}","templated":true}]}}