{"id":138,"date":"2018-02-28T15:08:35","date_gmt":"2018-02-28T14:08:35","guid":{"rendered":"http:\/\/www.ferwash.it\/?page_id=138"},"modified":"2020-07-01T16:46:44","modified_gmt":"2020-07-01T14:46:44","slug":"servizi","status":"publish","type":"page","link":"https:\/\/www.ferwash.it\/es\/servizi\/","title":{"rendered":"Servicios"},"content":{"rendered":"\n<p><strong>SERVICIO DE CONSULTORIA<\/strong><br>Ferwash pone su profesionalidad a su servicio en la realizaci\u00f3n de un proyecto de 360\u00b0.<\/p>\n\n\n\n<ul class=\"wp-block-list\"><li>Estudio de factibilidad .<\/li><li>Plan de negocios.<\/li><li>Desarrollo de planes de marketing y comerciales.<\/li><li>Proyecto ejecutivo.<\/li><li>Soporte a su t\u00e9cnico de referencia.<\/li><li>Formaci\u00f3n t\u00e9cnica y comercial de sus empleados.<\/li><li>Purificaci\u00f3n de agua.<\/li><\/ul>\n\n\n\n<p><strong>REDISE\u00d1O SISTEMAS EXISTENTES <\/strong><br>FERWASH realiza el restyling de su planta al combinar los aspectos tecnol\u00f3gicos, t\u00e9cnicos y econ\u00f3micos con la est\u00e9tica y la protecci\u00f3n del medio ambiente. Un restyling bien estudiado y dise\u00f1ado puede llevar a importantes reducciones en los costos fijos y al consiguiente impacto beneficioso en la rentabilidad de la planta, as\u00ed como al nuevo atractivo para los usuarios finales.<\/p>\n\n\n\n<p><strong>SOFTWARE DE GESTI\u00d3N PERSONALIZADO<\/strong> <br>FERWASH puede proporcionar software de gesti\u00f3n de sistema personalizable:<\/p>\n\n\n\n<ul class=\"wp-block-list\"><li>Control de las entradas (para verificar las entradas diarias de cada usuario individual)<\/li><li>Gesti\u00f3n de la estaci\u00f3n de servicio (para controlar los programas, el procesamiento y las entradas de cada ubicaci\u00f3n) <\/li><li>Gesti\u00f3n de tarifas (para el env\u00edo autom\u00e1tico de las entradas a la Agencia de Impuestos \/ Empresa)<\/li><\/ul>\n\n\n\n<p><\/p>\n","protected":false},"excerpt":{"rendered":"<p>SERVICIO DE CONSULTORIAFerwash pone su profesionalidad a su servicio en la realizaci\u00f3n de un proyecto de 360\u00b0. Estudio de factibilidad . Plan de negocios. Desarrollo de planes de marketing y comerciales. Proyecto ejecutivo. Soporte a su t\u00e9cnico de referencia. Formaci\u00f3n t\u00e9cnica y comercial de sus empleados. Purificaci\u00f3n de agua. REDISE\u00d1O SISTEMAS EXISTENTES FERWASH realiza el [&hellip;]<\/p>\n","protected":false},"author":1,"featured_media":0,"parent":0,"menu_order":0,"comment_status":"closed","ping_status":"closed","template":"","meta":{"_monsterinsights_skip_tracking":false,"_monsterinsights_sitenote_active":false,"_monsterinsights_sitenote_note":"","_monsterinsights_sitenote_category":0,"footnotes":""},"class_list":["post-138","page","type-page","status-publish","hentry"],"translation":{"provider":"WPGlobus","version":"3.0.2","language":"es","enabled_languages":["it","en","es","cz","fr"],"languages":{"it":{"title":true,"content":true,"excerpt":false},"en":{"title":true,"content":true,"excerpt":false},"es":{"title":true,"content":true,"excerpt":false},"cz":{"title":true,"content":true,"excerpt":false},"fr":{"title":true,"content":true,"excerpt":false}}},"aioseo_notices":[],"_links":{"self":[{"href":"https:\/\/www.ferwash.it\/es\/wp-json\/wp\/v2\/pages\/138","targetHints":{"allow":["GET"]}}],"collection":[{"href":"https:\/\/www.ferwash.it\/es\/wp-json\/wp\/v2\/pages"}],"about":[{"href":"https:\/\/www.ferwash.it\/es\/wp-json\/wp\/v2\/types\/page"}],"author":[{"embeddable":true,"href":"https:\/\/www.ferwash.it\/es\/wp-json\/wp\/v2\/users\/1"}],"replies":[{"embeddable":true,"href":"https:\/\/www.ferwash.it\/es\/wp-json\/wp\/v2\/comments?post=138"}],"version-history":[{"count":22,"href":"https:\/\/www.ferwash.it\/es\/wp-json\/wp\/v2\/pages\/138\/revisions"}],"predecessor-version":[{"id":1706,"href":"https:\/\/www.ferwash.it\/es\/wp-json\/wp\/v2\/pages\/138\/revisions\/1706"}],"wp:attachment":[{"href":"https:\/\/www.ferwash.it\/es\/wp-json\/wp\/v2\/media?parent=138"}],"curies":[{"name":"wp","href":"https:\/\/api.w.org\/{rel}","templated":true}]}}