{"id":41,"date":"2018-02-12T10:27:17","date_gmt":"2018-02-12T09:27:17","guid":{"rendered":"http:\/\/www.ferwash.it\/?page_id=41"},"modified":"2020-07-01T15:49:26","modified_gmt":"2020-07-01T13:49:26","slug":"chi-siamo","status":"publish","type":"page","link":"https:\/\/www.ferwash.it\/cz\/chi-siamo\/","title":{"rendered":"O n\u00e1s"},"content":{"rendered":"<p>\u010casto si klademe ot\u00e1zku, zda seri\u00f3znost je st\u00e1le hodnotou schopnou zrcadlit na\u0161e p\u0159esv\u011bd\u010den\u00ed.<\/p>\n<p>Na\u0161e z\u00e1sady neberou v \u00favahu logiku zisku, ale sp\u00ed\u0161e soudr\u017enost, abychom byly vedle z\u00e1kazn\u00edka proaktivn\u00ed a spolupracuj\u00edc\u00ed a abychom maxim\u00e1ln\u011b vyu\u017eili potenci\u00e1l my\u010dek pro automobily.<\/p>\n<p>\u0160kol\u00edme person\u00e1l na va\u0161em za\u0159\u00edzen\u00ed a vyv\u00edj\u00edme spole\u010dn\u011b projekty schopn\u00e9 vynikaj\u00edc\u00edch v\u00fdkon\u016f.<\/p>\n<p>To je s\u00edla, kter\u00e1 n\u00e1s odli\u0161uje, co\u017e n\u00e1m umo\u017e\u0148uje \u0159e\u0161it nejkomplexn\u011bj\u0161\u00ed projekty restrukturalizace firem.<\/p>\n<p>FERWASH pracuje v pr\u016fmyslu myc\u00edch stroj\u016f ji\u017e t\u0159icet p\u011bt let.<br \/>\nRodinn\u00e1 spole\u010dnost FERWASH, kterou zalo\u017eili Ferri Rosanna a Domenico Marinuzzi, udr\u017euje svou podstatu rodinn\u00e9ho podnik\u00e1n\u00ed. P\u0159\u00edmo a osobn\u011b se star\u00e1me o sv\u00e9 z\u00e1kazn\u00edky. V sou\u010dasnosti jsme s novou organizac\u00ed vytvo\u0159ili t\u00fdm, kter\u00fd se zab\u00fdv\u00e1 v\u00fdvojem nov\u00fdch projekt\u016f:<\/p>\n<ul>\n<li>Divize technologie a logistiky<\/li>\n<li>V\u00fdvojov\u00e1 divize s v\u00fdvojem nov\u00fdch produkt\u016f a technologi\u00ed<\/li>\n<li>Divize marketingu a obchodu<\/li>\n<\/ul>\n<p>V pr\u016fb\u011bhu let Ferwash navrhl \u0161irokou \u0161k\u00e1lu produkt\u016f, z nich\u017e mnoh\u00e9 jsou patentov\u00e1ny.\u00a0Na trhu, kde je konkurence v\u017edy vysok\u00e1, jsme se zam\u011b\u0159ili na kvalitu na\u0161ich v\u00fdrobk\u016f a zab\u00fdv\u00e1me se v\u00fdzkumem, v\u00fdvojem, prototypem, in\u017een\u00fdrstv\u00edm nov\u00fdch technologi\u00ed a v\u00fdrobou vysoce v\u00fdkonn\u00fdch v\u00fdrobk\u016f, kter\u00e9 se prezentuj\u00ed na st\u00e1le n\u00e1ro\u010dn\u011bj\u0161\u00edm trhu.<\/p>\n<p>Spole\u010dnost Ferwash d\u00e1le roz\u0161\u00ed\u0159ila svoji &#8220;strukturu&#8221; t\u00edm, \u017ee zapojila nov\u00e9 partnery do \u00fapravy vody, \u010di\u0161t\u011bn\u00ed vody a technologick\u00e9ho rozvoje.<\/p>\n<h4>Kontakty<\/h4>\n<div data-post-id=\"45\" class=\"insert-page insert-page-45 \"><p align=\"center\">\n<hr \/>\n<p style=\"text-align: left;\">\n<div class=\"wpcf7 no-js\" id=\"wpcf7-f961-p45-o1\" lang=\"it-IT\" dir=\"ltr\" data-wpcf7-id=\"961\">\n<div class=\"screen-reader-response\"><p role=\"status\" aria-live=\"polite\" aria-atomic=\"true\"><\/p> <ul><\/ul><\/div>\n<form action=\"\/cz\/wp-json\/wp\/v2\/pages\/41#wpcf7-f961-p45-o1\" method=\"post\" class=\"wpcf7-form init\" aria-label=\"Contact form\" novalidate=\"novalidate\" data-status=\"init\">\n<fieldset class=\"hidden-fields-container\"><input type=\"hidden\" name=\"_wpcf7\" value=\"961\" \/><input type=\"hidden\" name=\"_wpcf7_version\" value=\"6.1.5\" \/><input type=\"hidden\" name=\"_wpcf7_locale\" value=\"it_IT\" \/><input type=\"hidden\" name=\"_wpcf7_unit_tag\" value=\"wpcf7-f961-p45-o1\" \/><input type=\"hidden\" name=\"_wpcf7_container_post\" value=\"45\" \/><input type=\"hidden\" name=\"_wpcf7_posted_data_hash\" value=\"\" \/><input type=\"hidden\" name=\"_wpcf7_recaptcha_response\" value=\"\" \/>\n<\/fieldset>\n<p>\t\t<div id=\"cf7md-form\" class=\"cf7md-form\">\n\t\t\t<div class=\"mdc-layout-grid\">\n\t\t\t\t\t\t\t\t\n\t\t<div class=\"cf7md-item cf7md-text mdc-layout-grid__cell mdc-layout-grid__cell--span-12\">\n\t\t\t<br \/>\n<span class=\"wpcf7-form-control-wrap\" data-name=\"azienda\"><input size=\"40\" maxlength=\"400\" class=\"wpcf7-form-control wpcf7-text\" aria-invalid=\"false\" value=\"\" type=\"text\" name=\"azienda\" \/><\/span><br \/>\n\t\t\t\t\t\t<div style=\"display: none;\" class=\"cf7md-text-html\">\n\t\t\t\t<div class=\"mdc-textfield\" data-mdc-auto-init=\"MDCTextfield\">\n\t\t\t\t\t<label class=\"mdc-textfield__label\">Spole\u010dnost<\/label>\n\t\t\t\t<\/div>\n\t\t\t<\/div>\n\t\t<\/div>\n\t\t\n<\/p>\n\t\t<div class=\"cf7md-item cf7md-text mdc-layout-grid__cell mdc-layout-grid__cell--span-12\">\n\t\t\t<br \/>\n<span class=\"wpcf7-form-control-wrap\" data-name=\"your-name\"><input size=\"40\" maxlength=\"400\" class=\"wpcf7-form-control wpcf7-text wpcf7-validates-as-required\" aria-required=\"true\" aria-invalid=\"false\" value=\"\" type=\"text\" name=\"your-name\" \/><\/span><br \/>\n\t\t\t\t\t\t<div style=\"display: none;\" class=\"cf7md-text-html\">\n\t\t\t\t<div class=\"mdc-textfield\" data-mdc-auto-init=\"MDCTextfield\">\n\t\t\t\t\t<label class=\"mdc-textfield__label\">Jm\u00e9no<\/label>\n\t\t\t\t<\/div>\n\t\t\t<\/div>\n\t\t<\/div>\n\t\t\n\t\t<div class=\"cf7md-item cf7md-text mdc-layout-grid__cell mdc-layout-grid__cell--span-12\">\n\t\t\t<br \/>\n<span class=\"wpcf7-form-control-wrap\" data-name=\"phone\"><input size=\"40\" maxlength=\"400\" class=\"wpcf7-form-control wpcf7-text wpcf7-validates-as-required\" aria-required=\"true\" aria-invalid=\"false\" value=\"\" type=\"text\" name=\"phone\" \/><\/span><br \/>\n\t\t\t\t\t\t<div style=\"display: none;\" class=\"cf7md-text-html\">\n\t\t\t\t<div class=\"mdc-textfield\" data-mdc-auto-init=\"MDCTextfield\">\n\t\t\t\t\t<label class=\"mdc-textfield__label\">Telefon<\/label>\n\t\t\t\t<\/div>\n\t\t\t<\/div>\n\t\t<\/div>\n\t\t\n\t\t<div class=\"cf7md-item cf7md-text mdc-layout-grid__cell mdc-layout-grid__cell--span-12\">\n\t\t\t<br \/>\n<span class=\"wpcf7-form-control-wrap\" data-name=\"email-addr\"><input size=\"40\" maxlength=\"400\" class=\"wpcf7-form-control wpcf7-email wpcf7-validates-as-required wpcf7-text wpcf7-validates-as-email\" aria-required=\"true\" aria-invalid=\"false\" value=\"\" type=\"email\" name=\"email-addr\" \/><\/span><br \/>\n\t\t\t\t\t\t<div style=\"display: none;\" class=\"cf7md-text-html\">\n\t\t\t\t<div class=\"mdc-textfield\" data-mdc-auto-init=\"MDCTextfield\">\n\t\t\t\t\t<label class=\"mdc-textfield__label\">E-mail<\/label>\n\t\t\t\t<\/div>\n\t\t\t<\/div>\n\t\t<\/div>\n\t\t\n\t\t<div class=\"cf7md-item cf7md-textarea mdc-layout-grid__cell mdc-layout-grid__cell--span-12 cf7md-textarea-autosize\">\n\t\t\t<br \/>\n<span class=\"wpcf7-form-control-wrap\" data-name=\"message\"><textarea cols=\"40\" rows=\"10\" maxlength=\"2000\" class=\"wpcf7-form-control wpcf7-textarea wpcf7-validates-as-required\" aria-required=\"true\" aria-invalid=\"false\" name=\"message\"><\/textarea><\/span><br \/>\n\t\t\t\t\t\t<div style=\"display: none;\" class=\"cf7md-text-html\">\n\t\t\t\t<div class=\"mdc-textfield mdc-textfield--multiline mdc-textfield--upgraded\" data-mdc-auto-init=\"MDCTextfield\">\n\t\t\t\t\t<label class=\"mdc-textfield__label\">Zpr\u00e1va<\/label>\n\t\t\t\t<\/div>\n\t\t\t<\/div>\n\t\t<\/div>\n\t\t\n\t\t<div class=\"cf7md-item cf7md-accept cf7md-is-wpcf7v5 mdc-layout-grid__cell mdc-layout-grid__cell--span-12\">\n\t\t\t\t\t\t<br \/>\nINFORMATIVA AI SENSI DELLA LEGGE 675\/96\n<\/p>\n<p>I dati acquisiti sono utilizzati esclusivamente da Ferwash. ai soli fini informativi e pubblicitari. Secondo quanto previsto dall'art. 13 della legge 675\/96, potete accedere ai vostri dati chiedendone la correzione, l'integrazione e, ricorrendone gli estremi, la cancellazione o il blocco.<br \/>\n<span class=\"wpcf7-form-control-wrap\" data-name=\"policy-acceptance\"><span class=\"wpcf7-form-control wpcf7-acceptance\"><span class=\"wpcf7-list-item\"><label><input type=\"checkbox\" name=\"policy-acceptance\" value=\"1\" aria-invalid=\"false\" \/><span class=\"wpcf7-list-item-label\">I accept<\/span><\/label><\/span><\/span><\/span><br \/>\n\t\t\t<label class=\"cf7md-accept-label\"><\/label>\n\t\t\t<div style=\"display: none;\" class=\"cf7md-checkbox-html\">\n\t\t\t\t<div class=\"mdc-checkbox__background\">\n\t\t\t\t\t<svg version=\"1.1\"\n\t\t\t\t\t\tclass=\"mdc-checkbox__checkmark\"\n\t\t\t\t\t\txmlns=\"http:\/\/www.w3.org\/2000\/svg\"\n\t\t\t\t\t\tviewBox=\"0 0 24 24\"\n\t\t\t\t\t\txml:space=\"preserve\">\n\t\t\t\t\t\t<path class=\"mdc-checkbox__checkmark__path\"\n\t\t\t\t\t\t\tfill=\"none\"\n\t\t\t\t\t\t\tstroke=\"white\"\n\t\t\t\t\t\t\td=\"M1.73,12.91 8.1,19.28 22.79,4.59\"\/>\n\t\t\t\t\t<\/svg>\n\t\t\t\t\t<div class=\"mdc-checkbox__mixedmark\"><\/div>\n\t\t\t\t<\/div>\n\t\t\t<\/div>\n\t\t\t\t\t<\/div>\n\t\t\n<p>\t\t<div class=\"cf7md-item cf7md-submit mdc-layout-grid__cell mdc-layout-grid__cell--span-12\">\n\t\t\t<br \/>\n<input class=\"wpcf7-form-control wpcf7-submit has-spinner\" type=\"submit\" value=\"Send\" \/><br \/>\n\t\t\t<svg class=\"cf7md-spinner\" width=\"25px\" height=\"25px\" viewBox=\"0 0 66 66\" xmlns=\"http:\/\/www.w3.org\/2000\/svg\">\n\t\t\t\t<circle class=\"cf7md-spinner-path\" fill=\"none\" stroke-width=\"6\" stroke-linecap=\"round\" cx=\"33\" cy=\"33\" r=\"30\"><\/circle>\n\t\t\t<\/svg>\n\t\t<\/div>\n\t\t<br \/>\n\t\t\t\t\t\t\t<\/div>\n\t\t<\/div>\n\t\t\n<\/p><div class=\"wpcf7-response-output\" aria-hidden=\"true\"><\/div>\n<\/form>\n<\/div>\n<\/p>\n<h5><strong>FERWASH Srl \u2013\u00a0<\/strong>Via Stephenson, 32<\/h5>\n<h5>20019 Settimo Milanese \u2013 Milano \/ ITALIA<\/h5>\n<h5>Cap.Soc.i.v. \u20ac.100.000,00 \u2013 Fondata 23\/03\/1993.<\/h5>\n<\/div>\n","protected":false},"excerpt":{"rendered":"<p>\u010casto si klademe ot\u00e1zku, zda seri\u00f3znost je st\u00e1le hodnotou schopnou zrcadlit na\u0161e p\u0159esv\u011bd\u010den\u00ed. Na\u0161e z\u00e1sady neberou v \u00favahu logiku zisku, ale sp\u00ed\u0161e soudr\u017enost, abychom byly vedle z\u00e1kazn\u00edka proaktivn\u00ed a spolupracuj\u00edc\u00ed a abychom maxim\u00e1ln\u011b vyu\u017eili potenci\u00e1l my\u010dek pro automobily. \u0160kol\u00edme person\u00e1l na va\u0161em za\u0159\u00edzen\u00ed a vyv\u00edj\u00edme spole\u010dn\u011b projekty schopn\u00e9 vynikaj\u00edc\u00edch v\u00fdkon\u016f. To je s\u00edla, kter\u00e1 n\u00e1s [&hellip;]<\/p>\n","protected":false},"author":1,"featured_media":0,"parent":0,"menu_order":0,"comment_status":"closed","ping_status":"closed","template":"","meta":{"_monsterinsights_skip_tracking":false,"_monsterinsights_sitenote_active":false,"_monsterinsights_sitenote_note":"","_monsterinsights_sitenote_category":0,"footnotes":""},"class_list":["post-41","page","type-page","status-publish","hentry"],"translation":{"provider":"WPGlobus","version":"3.0.2","language":"cz","enabled_languages":["it","en","es","cz","fr"],"languages":{"it":{"title":true,"content":true,"excerpt":false},"en":{"title":true,"content":true,"excerpt":false},"es":{"title":true,"content":true,"excerpt":false},"cz":{"title":true,"content":true,"excerpt":false},"fr":{"title":true,"content":true,"excerpt":false}}},"aioseo_notices":[],"_links":{"self":[{"href":"https:\/\/www.ferwash.it\/cz\/wp-json\/wp\/v2\/pages\/41","targetHints":{"allow":["GET"]}}],"collection":[{"href":"https:\/\/www.ferwash.it\/cz\/wp-json\/wp\/v2\/pages"}],"about":[{"href":"https:\/\/www.ferwash.it\/cz\/wp-json\/wp\/v2\/types\/page"}],"author":[{"embeddable":true,"href":"https:\/\/www.ferwash.it\/cz\/wp-json\/wp\/v2\/users\/1"}],"replies":[{"embeddable":true,"href":"https:\/\/www.ferwash.it\/cz\/wp-json\/wp\/v2\/comments?post=41"}],"version-history":[{"count":48,"href":"https:\/\/www.ferwash.it\/cz\/wp-json\/wp\/v2\/pages\/41\/revisions"}],"predecessor-version":[{"id":1672,"href":"https:\/\/www.ferwash.it\/cz\/wp-json\/wp\/v2\/pages\/41\/revisions\/1672"}],"wp:attachment":[{"href":"https:\/\/www.ferwash.it\/cz\/wp-json\/wp\/v2\/media?parent=41"}],"curies":[{"name":"wp","href":"https:\/\/api.w.org\/{rel}","templated":true}]}}