{"id":138,"date":"2018-02-28T15:08:35","date_gmt":"2018-02-28T14:08:35","guid":{"rendered":"http:\/\/www.ferwash.it\/?page_id=138"},"modified":"2020-07-01T16:46:44","modified_gmt":"2020-07-01T14:46:44","slug":"servizi","status":"publish","type":"page","link":"https:\/\/www.ferwash.it\/cz\/servizi\/","title":{"rendered":"Na\u0161e slu\u017eby"},"content":{"rendered":"<p><strong>Restyling<\/strong><\/p>\n<p>FERWASH realizuje restyling za\u0159\u00edzen\u00ed jak z\u00a0hlediska estetick\u00e9ho, tak technologick\u00e9ho, se sn\u00ed\u017een\u00edm fixn\u00edch spr\u00e1vn\u00edch n\u00e1klad\u016f o 30%, \u010d\u00edm\u017e p\u0159in\u00e1\u0161\u00ed novou tv\u00e1\u0159 va\u0161emu podnik\u00e1n\u00ed, jen\u017e vede ke zv\u00fd\u0161en\u00ed ziskovosti.<\/p>\n<hr \/>\n<p><strong>Poradenstv\u00ed<\/strong><\/p>\n<p>Na\u0161e profesionalita je V\u00e1m k dispozici nejen v t\u011bchto p\u0159\u00edpadech:<\/p>\n<ul>\n<li>Zah\u00e1jen\u00ed \u010dinnosti my\u010dky<\/li>\n<li>Tvorba marketingov\u00e9ho pl\u00e1nu<\/li>\n<li>Podnikatelsk\u00fd pl\u00e1n<\/li>\n<li>V\u00fdkonn\u00fd projekt<\/li>\n<li>Podpora pro referen\u010dn\u00ed techniky<\/li>\n<li>Technick\u00e9 a obchodn\u00ed \u0161kolen\u00ed zam\u011bstnanc\u016f<\/li>\n<\/ul>\n<hr \/>\n<p><strong>Odpov\u00eddaj\u00edc\u00ed aplikace<\/strong><\/p>\n<p><em>Technick\u00e1 podpora <\/em><\/p>\n<p>Vytvo\u0159ili jsme jednoduchou a \u00faspornou chatrou aplikaci ur\u010denou pro tablety nebo smartphony poskytnut\u00e9 spole\u010dnosti nebo osob\u00e1m odpov\u011bdn\u00fdm za v\u00fdb\u011br inkasa. Lze tak zas\u00edlat data ka\u017ed\u00e9 jednotliv\u00e9 registra\u010dn\u00ed pokladny p\u0159\u00edmo na server finan\u010dn\u00edho \u00fa\u0159adu, jak po\u017eaduje ustanoven\u00ed z 30.03.2017. Praktick\u00e9 a okam\u017eit\u00e9 \u0159e\u0161en\u00ed s dal\u0161\u00edmi optimalizovan\u00fdmi postupy a vylou\u010den\u00edm jak\u00e9koliv chyby p\u0159i op\u011btovn\u00e9m vkl\u00e1d\u00e1n\u00ed dat. Z\u00edskan\u00e9 informace mohou b\u00fdt tak\u00e9 ve stejnou dobu p\u0159en\u00e1\u0161eny do firemn\u00edch po\u010d\u00edta\u010d\u016f tak, aby mohly b\u00fdt znovu zpracov\u00e1ny a ulo\u017eeny spole\u010dn\u011b s \u00fa\u010detnictv\u00edm spole\u010dnosti.<\/p>\n<p><em>Na\u0161e \u0159e\u0161en\u00ed<\/em><\/p>\n<ul>\n<li>Certifikace mobiln\u00edho za\u0159\u00edzen\u00ed (mobil nebo tablet)<\/li>\n<li>Spr\u00e1va \u00fadaj\u016f o hotovosti v pokladn\u011b\/m\u011bni\u010dce minc\u00ed nezbytn\u00e1 pro s\u010d\u00edt\u00e1n\u00ed z\u00e1kazn\u00edk\u016f a zji\u0161\u0165ov\u00e1n\u00ed zem\u011bpisn\u00fdch sou\u0159adnic<\/li>\n<li>Generov\u00e1n\u00ed souboru pro masivn\u00ed s\u010d\u00edt\u00e1n\u00ed<\/li>\n<li>Detekce souboru EVA-DTS<\/li>\n<li>Posuzov\u00e1n\u00ed p\u0159enosu<\/li>\n<\/ul>\n<p><em>Dal\u0161\u00ed funkce, kter\u00e9 jsou k dispozici s magovending<\/em><\/p>\n<ul>\n<li>Tisk etikety QRCode vygenerovan\u00e9 finan\u010dn\u00edm \u00fa\u0159adem<\/li>\n<li>Import dat<\/li>\n<li>Z\u00e1znamy o p\u0159\u00edjmec<\/li>\n<li>Odpov\u00eddaj\u00edc\u00ed \u00fa\u010detnictv\u00ed<\/li>\n<\/ul>\n","protected":false},"excerpt":{"rendered":"<p>Restyling FERWASH realizuje restyling za\u0159\u00edzen\u00ed jak z\u00a0hlediska estetick\u00e9ho, tak technologick\u00e9ho, se sn\u00ed\u017een\u00edm fixn\u00edch spr\u00e1vn\u00edch n\u00e1klad\u016f o 30%, \u010d\u00edm\u017e p\u0159in\u00e1\u0161\u00ed novou tv\u00e1\u0159 va\u0161emu podnik\u00e1n\u00ed, jen\u017e vede ke zv\u00fd\u0161en\u00ed ziskovosti. Poradenstv\u00ed Na\u0161e profesionalita je V\u00e1m k dispozici nejen v t\u011bchto p\u0159\u00edpadech: Zah\u00e1jen\u00ed \u010dinnosti my\u010dky Tvorba marketingov\u00e9ho pl\u00e1nu Podnikatelsk\u00fd pl\u00e1n V\u00fdkonn\u00fd projekt Podpora pro referen\u010dn\u00ed techniky Technick\u00e9 a [&hellip;]<\/p>\n","protected":false},"author":1,"featured_media":0,"parent":0,"menu_order":0,"comment_status":"closed","ping_status":"closed","template":"","meta":{"_monsterinsights_skip_tracking":false,"_monsterinsights_sitenote_active":false,"_monsterinsights_sitenote_note":"","_monsterinsights_sitenote_category":0,"footnotes":""},"class_list":["post-138","page","type-page","status-publish","hentry"],"translation":{"provider":"WPGlobus","version":"3.0.2","language":"cz","enabled_languages":["it","en","es","cz","fr"],"languages":{"it":{"title":true,"content":true,"excerpt":false},"en":{"title":true,"content":true,"excerpt":false},"es":{"title":true,"content":true,"excerpt":false},"cz":{"title":true,"content":true,"excerpt":false},"fr":{"title":true,"content":true,"excerpt":false}}},"aioseo_notices":[],"_links":{"self":[{"href":"https:\/\/www.ferwash.it\/cz\/wp-json\/wp\/v2\/pages\/138","targetHints":{"allow":["GET"]}}],"collection":[{"href":"https:\/\/www.ferwash.it\/cz\/wp-json\/wp\/v2\/pages"}],"about":[{"href":"https:\/\/www.ferwash.it\/cz\/wp-json\/wp\/v2\/types\/page"}],"author":[{"embeddable":true,"href":"https:\/\/www.ferwash.it\/cz\/wp-json\/wp\/v2\/users\/1"}],"replies":[{"embeddable":true,"href":"https:\/\/www.ferwash.it\/cz\/wp-json\/wp\/v2\/comments?post=138"}],"version-history":[{"count":22,"href":"https:\/\/www.ferwash.it\/cz\/wp-json\/wp\/v2\/pages\/138\/revisions"}],"predecessor-version":[{"id":1706,"href":"https:\/\/www.ferwash.it\/cz\/wp-json\/wp\/v2\/pages\/138\/revisions\/1706"}],"wp:attachment":[{"href":"https:\/\/www.ferwash.it\/cz\/wp-json\/wp\/v2\/media?parent=138"}],"curies":[{"name":"wp","href":"https:\/\/api.w.org\/{rel}","templated":true}]}}